{"id":73,"date":"2021-05-08T08:28:03","date_gmt":"2021-05-08T06:28:03","guid":{"rendered":"https:\/\/www.emproservis.sk\/?page_id=73"},"modified":"2021-05-08T08:42:59","modified_gmt":"2021-05-08T06:42:59","slug":"specifikacia","status":"publish","type":"page","link":"https:\/\/www.emproservis.sk\/?page_id=73","title":{"rendered":"\u0160pecifik\u00e1cia"},"content":{"rendered":"\n<div class=\"wp-block-columns is-layout-flex wp-container-core-columns-is-layout-28f84493 wp-block-columns-is-layout-flex\">\n<div class=\"wp-block-column is-layout-flow wp-block-column-is-layout-flow\">\n<h4 class=\"has-text-color wp-block-heading\" style=\"color:#d0d0d0\">Vysokozdvi\u017en\u00e1 plo\u0161ina \u201e20\u201c<\/h4>\n\n\n\n<ul id=\"block-9fe63e34-1ced-42c4-bdab-942b5f15931d\" class=\"has-text-color wp-block-list\" style=\"color:#b4b4b4\"><li>V\u00fd\u0161kov\u00fd dosah: 20m<\/li><li>Bo\u010dn\u00fd dosah: 8,5m<\/li><li>Nosnos\u0165 300kg v&nbsp;ka\u017edom dosahu.<\/li><\/ul>\n<\/div>\n\n\n\n<div class=\"wp-block-column is-layout-flow wp-block-column-is-layout-flow\">\n<figure class=\"wp-block-gallery columns-2 is-cropped wp-block-gallery-1 is-layout-flex wp-block-gallery-is-layout-flex\"><ul class=\"blocks-gallery-grid\"><li class=\"blocks-gallery-item\"><figure><a href=\"https:\/\/www.emproservis.sk\/wp-content\/uploads\/2021\/05\/spec_1.png\"><img loading=\"lazy\" decoding=\"async\" width=\"300\" height=\"297\" src=\"https:\/\/www.emproservis.sk\/wp-content\/uploads\/2021\/05\/spec_1-300x297.png\" alt=\"\" data-id=\"74\" data-full-url=\"https:\/\/www.emproservis.sk\/wp-content\/uploads\/2021\/05\/spec_1.png\" data-link=\"https:\/\/www.emproservis.sk\/?attachment_id=74\" class=\"wp-image-74\" srcset=\"https:\/\/www.emproservis.sk\/wp-content\/uploads\/2021\/05\/spec_1-300x297.png 300w, https:\/\/www.emproservis.sk\/wp-content\/uploads\/2021\/05\/spec_1-150x150.png 150w, https:\/\/www.emproservis.sk\/wp-content\/uploads\/2021\/05\/spec_1.png 651w\" sizes=\"auto, (max-width: 300px) 100vw, 300px\" \/><\/a><\/figure><\/li><li class=\"blocks-gallery-item\"><figure><a href=\"https:\/\/www.emproservis.sk\/wp-content\/uploads\/2021\/05\/IMG_0819-1-scaled.jpg\"><img loading=\"lazy\" decoding=\"async\" width=\"300\" height=\"225\" src=\"https:\/\/www.emproservis.sk\/wp-content\/uploads\/2021\/05\/IMG_0819-1-300x225.jpg\" alt=\"\" data-id=\"108\" data-full-url=\"https:\/\/www.emproservis.sk\/wp-content\/uploads\/2021\/05\/IMG_0819-1-scaled.jpg\" data-link=\"https:\/\/www.emproservis.sk\/?attachment_id=108\" class=\"wp-image-108\" srcset=\"https:\/\/www.emproservis.sk\/wp-content\/uploads\/2021\/05\/IMG_0819-1-300x225.jpg 300w, https:\/\/www.emproservis.sk\/wp-content\/uploads\/2021\/05\/IMG_0819-1-1024x768.jpg 1024w, https:\/\/www.emproservis.sk\/wp-content\/uploads\/2021\/05\/IMG_0819-1-768x576.jpg 768w, https:\/\/www.emproservis.sk\/wp-content\/uploads\/2021\/05\/IMG_0819-1-1536x1152.jpg 1536w, https:\/\/www.emproservis.sk\/wp-content\/uploads\/2021\/05\/IMG_0819-1-2048x1536.jpg 2048w\" sizes=\"auto, (max-width: 300px) 100vw, 300px\" \/><\/a><\/figure><\/li><\/ul><\/figure>\n<\/div>\n<\/div>\n\n\n\n<div class=\"wp-block-columns is-layout-flex wp-container-core-columns-is-layout-28f84493 wp-block-columns-is-layout-flex\">\n<div class=\"wp-block-column is-layout-flow wp-block-column-is-layout-flow\">\n<h4 class=\"has-text-color wp-block-heading\" style=\"color:#d0d0d0\">Vysokozdvi\u017en\u00e1 plo\u0161ina \u201e23,5\u201c<\/h4>\n\n\n\n<ul id=\"block-089160f6-0089-428c-b6d7-6ddf65b45dcb\" class=\"has-text-color wp-block-list\" style=\"color:#b4b4b4\"><li>V\u00fd\u0161kov\u00fd dosah: 23,5m<\/li><li>Bo\u010dn\u00fd dosah: 11m<\/li><li>Nosnos\u0165: 250 kg pri maxim\u00e1lnom v\u00fd\u0161kovom, 80 kg pri maxim\u00e1lnom bo\u010dnom dosahu.<\/li><\/ul>\n<\/div>\n\n\n\n<div class=\"wp-block-column is-layout-flow wp-block-column-is-layout-flow\">\n<figure class=\"wp-block-gallery columns-2 is-cropped wp-block-gallery-2 is-layout-flex wp-block-gallery-is-layout-flex\"><ul class=\"blocks-gallery-grid\"><li class=\"blocks-gallery-item\"><figure><a href=\"https:\/\/www.emproservis.sk\/wp-content\/uploads\/2021\/05\/spec_2.jpg\"><img loading=\"lazy\" decoding=\"async\" width=\"1024\" height=\"831\" src=\"https:\/\/www.emproservis.sk\/wp-content\/uploads\/2021\/05\/spec_2-1024x831.jpg\" alt=\"\" data-id=\"123\" data-full-url=\"https:\/\/www.emproservis.sk\/wp-content\/uploads\/2021\/05\/spec_2.jpg\" data-link=\"https:\/\/www.emproservis.sk\/?attachment_id=123\" class=\"wp-image-123\" srcset=\"https:\/\/www.emproservis.sk\/wp-content\/uploads\/2021\/05\/spec_2-1024x831.jpg 1024w, https:\/\/www.emproservis.sk\/wp-content\/uploads\/2021\/05\/spec_2-300x243.jpg 300w, https:\/\/www.emproservis.sk\/wp-content\/uploads\/2021\/05\/spec_2-768x623.jpg 768w, https:\/\/www.emproservis.sk\/wp-content\/uploads\/2021\/05\/spec_2.jpg 1086w\" sizes=\"auto, (max-width: 1024px) 100vw, 1024px\" \/><\/a><\/figure><\/li><li class=\"blocks-gallery-item\"><figure><a href=\"https:\/\/www.emproservis.sk\/wp-content\/uploads\/2021\/05\/IMG_0821-scaled.jpg\"><img loading=\"lazy\" decoding=\"async\" width=\"1024\" height=\"768\" src=\"https:\/\/www.emproservis.sk\/wp-content\/uploads\/2021\/05\/IMG_0821-1024x768.jpg\" alt=\"\" data-id=\"109\" data-full-url=\"https:\/\/www.emproservis.sk\/wp-content\/uploads\/2021\/05\/IMG_0821-scaled.jpg\" data-link=\"https:\/\/www.emproservis.sk\/?attachment_id=109\" class=\"wp-image-109\" srcset=\"https:\/\/www.emproservis.sk\/wp-content\/uploads\/2021\/05\/IMG_0821-1024x768.jpg 1024w, https:\/\/www.emproservis.sk\/wp-content\/uploads\/2021\/05\/IMG_0821-300x225.jpg 300w, https:\/\/www.emproservis.sk\/wp-content\/uploads\/2021\/05\/IMG_0821-768x576.jpg 768w, https:\/\/www.emproservis.sk\/wp-content\/uploads\/2021\/05\/IMG_0821-1536x1152.jpg 1536w, https:\/\/www.emproservis.sk\/wp-content\/uploads\/2021\/05\/IMG_0821-2048x1536.jpg 2048w\" sizes=\"auto, (max-width: 1024px) 100vw, 1024px\" \/><\/a><\/figure><\/li><\/ul><\/figure>\n<\/div>\n<\/div>\n\n\n\n<div class=\"wp-block-columns is-layout-flex wp-container-core-columns-is-layout-28f84493 wp-block-columns-is-layout-flex\">\n<div class=\"wp-block-column is-layout-flow wp-block-column-is-layout-flow\">\n<h4 class=\"has-text-color wp-block-heading\" style=\"color:#d0d0d0\">Vysokozdvi\u017en\u00e1 plo\u0161ina \u201e28\u201c<\/h4>\n\n\n\n<ul id=\"block-b82fa4e6-02c2-4444-8b43-7149365958a2\" class=\"has-text-color wp-block-list\" style=\"color:#b4b4b4\"><li>V\u00fd\u0161kov\u00fd dosah: 28m<\/li><li>Bo\u010dn\u00fd dosah: 14m<\/li><li>Nosnos\u0165: 200 kg pri maxim\u00e1lnom v\u00fd\u0161kovom, 150 kg pri maxim\u00e1lnom bo\u010dnom dosahu.<\/li><li>Stranov\u00e9 kotvenie \u2013 mo\u017enos\u0165 pr\u00e1ce pri jednostrannom zakotven\u00ed v&nbsp;smere za\u0165a\u017eenia.<\/li><\/ul>\n<\/div>\n\n\n\n<div class=\"wp-block-column is-layout-flow wp-block-column-is-layout-flow\">\n<figure class=\"wp-block-gallery columns-2 is-cropped wp-block-gallery-3 is-layout-flex wp-block-gallery-is-layout-flex\"><ul class=\"blocks-gallery-grid\"><li class=\"blocks-gallery-item\"><figure><a href=\"https:\/\/www.emproservis.sk\/wp-content\/uploads\/2021\/05\/spec_3.jpg\"><img loading=\"lazy\" decoding=\"async\" width=\"866\" height=\"873\" src=\"https:\/\/www.emproservis.sk\/wp-content\/uploads\/2021\/05\/spec_3.jpg\" alt=\"\" data-id=\"124\" data-full-url=\"https:\/\/www.emproservis.sk\/wp-content\/uploads\/2021\/05\/spec_3.jpg\" data-link=\"https:\/\/www.emproservis.sk\/?attachment_id=124\" class=\"wp-image-124\" srcset=\"https:\/\/www.emproservis.sk\/wp-content\/uploads\/2021\/05\/spec_3.jpg 866w, https:\/\/www.emproservis.sk\/wp-content\/uploads\/2021\/05\/spec_3-298x300.jpg 298w, https:\/\/www.emproservis.sk\/wp-content\/uploads\/2021\/05\/spec_3-150x150.jpg 150w, https:\/\/www.emproservis.sk\/wp-content\/uploads\/2021\/05\/spec_3-768x774.jpg 768w\" sizes=\"auto, (max-width: 866px) 100vw, 866px\" \/><\/a><\/figure><\/li><li class=\"blocks-gallery-item\"><figure><a href=\"https:\/\/www.emproservis.sk\/wp-content\/uploads\/2021\/05\/IMG_0824-scaled.jpg\"><img loading=\"lazy\" decoding=\"async\" width=\"1024\" height=\"768\" src=\"https:\/\/www.emproservis.sk\/wp-content\/uploads\/2021\/05\/IMG_0824-1024x768.jpg\" alt=\"\" data-id=\"112\" data-full-url=\"https:\/\/www.emproservis.sk\/wp-content\/uploads\/2021\/05\/IMG_0824-scaled.jpg\" data-link=\"https:\/\/www.emproservis.sk\/?attachment_id=112\" class=\"wp-image-112\" srcset=\"https:\/\/www.emproservis.sk\/wp-content\/uploads\/2021\/05\/IMG_0824-1024x768.jpg 1024w, https:\/\/www.emproservis.sk\/wp-content\/uploads\/2021\/05\/IMG_0824-300x225.jpg 300w, https:\/\/www.emproservis.sk\/wp-content\/uploads\/2021\/05\/IMG_0824-768x576.jpg 768w, https:\/\/www.emproservis.sk\/wp-content\/uploads\/2021\/05\/IMG_0824-1536x1152.jpg 1536w, https:\/\/www.emproservis.sk\/wp-content\/uploads\/2021\/05\/IMG_0824-2048x1536.jpg 2048w\" sizes=\"auto, (max-width: 1024px) 100vw, 1024px\" \/><\/a><\/figure><\/li><\/ul><\/figure>\n<\/div>\n<\/div>\n","protected":false},"excerpt":{"rendered":"<p>Vysokozdvi\u017en\u00e1 plo\u0161ina \u201e20\u201c V\u00fd\u0161kov\u00fd dosah: 20m Bo\u010dn\u00fd dosah: 8,5m Nosnos\u0165 300kg v&nbsp;ka\u017edom dosahu. Vysokozdvi\u017en\u00e1 plo\u0161ina \u201e23,5\u201c V\u00fd\u0161kov\u00fd dosah: 23,5m Bo\u010dn\u00fd dosah: 11m Nosnos\u0165: 250 kg pri maxim\u00e1lnom v\u00fd\u0161kovom, 80 kg pri maxim\u00e1lnom bo\u010dnom dosahu. Vysokozdvi\u017en\u00e1 plo\u0161ina \u201e28\u201c V\u00fd\u0161kov\u00fd dosah: 28m Bo\u010dn\u00fd dosah: 14m Nosnos\u0165: 200 kg pri maxim\u00e1lnom v\u00fd\u0161kovom, 150 [&hellip;]<\/p>\n","protected":false},"author":1,"featured_media":0,"parent":0,"menu_order":0,"comment_status":"closed","ping_status":"closed","template":"","meta":{"_monsterinsights_skip_tracking":false,"_monsterinsights_sitenote_active":false,"_monsterinsights_sitenote_note":"","_monsterinsights_sitenote_category":0,"footnotes":""},"class_list":["post-73","page","type-page","status-publish","hentry"],"yoast_head":"<!-- This site is optimized with the Yoast SEO plugin v27.5 - https:\/\/yoast.com\/product\/yoast-seo-wordpress\/ -->\n<title>EMPRO SERVIS, s.r.o.Pren\u00e1jom vysokozdvi\u017en\u00fdch plo\u0161\u00edn v Bratislave<\/title>\n<meta name=\"description\" content=\"Pren\u00e1jom vysokozdvi\u017en\u00fdch plo\u0161\u00edn v Bratislave. Na\u0161a firma pon\u00faka realiz\u00e1ciu pr\u00e1c s vysokozdvi\u017enou pracovnou plo\u0161inou v Bratislave a okol\u00ed.\" \/>\n<meta name=\"robots\" content=\"index, follow, max-snippet:-1, max-image-preview:large, max-video-preview:-1\" \/>\n<link rel=\"canonical\" href=\"https:\/\/www.emproservis.sk\/?page_id=73\" \/>\n<meta property=\"og:locale\" content=\"sk_SK\" \/>\n<meta property=\"og:type\" content=\"article\" \/>\n<meta property=\"og:title\" content=\"EMPRO SERVIS, s.r.o.Pren\u00e1jom vysokozdvi\u017en\u00fdch plo\u0161\u00edn v Bratislave\" \/>\n<meta property=\"og:description\" content=\"Pren\u00e1jom vysokozdvi\u017en\u00fdch plo\u0161\u00edn v Bratislave. Na\u0161a firma pon\u00faka realiz\u00e1ciu pr\u00e1c s vysokozdvi\u017enou pracovnou plo\u0161inou v Bratislave a okol\u00ed.\" \/>\n<meta property=\"og:url\" content=\"https:\/\/www.emproservis.sk\/?page_id=73\" \/>\n<meta property=\"og:site_name\" content=\"EMPRO SERVIS, s.r.o.\" \/>\n<meta property=\"article:modified_time\" content=\"2021-05-08T06:42:59+00:00\" \/>\n<meta property=\"og:image\" content=\"https:\/\/www.emproservis.sk\/wp-content\/uploads\/2021\/05\/spec_1-300x297.png\" \/>\n<meta name=\"twitter:card\" content=\"summary_large_image\" \/>\n<meta name=\"twitter:label1\" content=\"Predpokladan\u00fd \u010das \u010d\u00edtania\" \/>\n\t<meta name=\"twitter:data1\" content=\"2 min\u00faty\" \/>\n<script type=\"application\/ld+json\" class=\"yoast-schema-graph\">{\"@context\":\"https:\\\/\\\/schema.org\",\"@graph\":[{\"@type\":\"WebPage\",\"@id\":\"https:\\\/\\\/www.emproservis.sk\\\/?page_id=73\",\"url\":\"https:\\\/\\\/www.emproservis.sk\\\/?page_id=73\",\"name\":\"EMPRO SERVIS, s.r.o.Pren\u00e1jom vysokozdvi\u017en\u00fdch plo\u0161\u00edn v Bratislave\",\"isPartOf\":{\"@id\":\"https:\\\/\\\/www.emproservis.sk\\\/#website\"},\"primaryImageOfPage\":{\"@id\":\"https:\\\/\\\/www.emproservis.sk\\\/?page_id=73#primaryimage\"},\"image\":{\"@id\":\"https:\\\/\\\/www.emproservis.sk\\\/?page_id=73#primaryimage\"},\"thumbnailUrl\":\"https:\\\/\\\/www.emproservis.sk\\\/wp-content\\\/uploads\\\/2021\\\/05\\\/spec_1-300x297.png\",\"datePublished\":\"2021-05-08T06:28:03+00:00\",\"dateModified\":\"2021-05-08T06:42:59+00:00\",\"description\":\"Pren\u00e1jom vysokozdvi\u017en\u00fdch plo\u0161\u00edn v Bratislave. Na\u0161a firma pon\u00faka realiz\u00e1ciu pr\u00e1c s vysokozdvi\u017enou pracovnou plo\u0161inou v Bratislave a okol\u00ed.\",\"breadcrumb\":{\"@id\":\"https:\\\/\\\/www.emproservis.sk\\\/?page_id=73#breadcrumb\"},\"inLanguage\":\"sk-SK\",\"potentialAction\":[{\"@type\":\"ReadAction\",\"target\":[\"https:\\\/\\\/www.emproservis.sk\\\/?page_id=73\"]}]},{\"@type\":\"ImageObject\",\"inLanguage\":\"sk-SK\",\"@id\":\"https:\\\/\\\/www.emproservis.sk\\\/?page_id=73#primaryimage\",\"url\":\"https:\\\/\\\/www.emproservis.sk\\\/wp-content\\\/uploads\\\/2021\\\/05\\\/spec_1.png\",\"contentUrl\":\"https:\\\/\\\/www.emproservis.sk\\\/wp-content\\\/uploads\\\/2021\\\/05\\\/spec_1.png\",\"width\":651,\"height\":645},{\"@type\":\"BreadcrumbList\",\"@id\":\"https:\\\/\\\/www.emproservis.sk\\\/?page_id=73#breadcrumb\",\"itemListElement\":[{\"@type\":\"ListItem\",\"position\":1,\"name\":\"Home\",\"item\":\"https:\\\/\\\/www.emproservis.sk\\\/\"},{\"@type\":\"ListItem\",\"position\":2,\"name\":\"\u0160pecifik\u00e1cia\"}]},{\"@type\":\"WebSite\",\"@id\":\"https:\\\/\\\/www.emproservis.sk\\\/#website\",\"url\":\"https:\\\/\\\/www.emproservis.sk\\\/\",\"name\":\"EMPRO SERVIS, s.r.o.\",\"description\":\"Pr\u00e1ce s vysokozdvi\u017enou plo\u0161inou\",\"publisher\":{\"@id\":\"https:\\\/\\\/www.emproservis.sk\\\/#organization\"},\"potentialAction\":[{\"@type\":\"SearchAction\",\"target\":{\"@type\":\"EntryPoint\",\"urlTemplate\":\"https:\\\/\\\/www.emproservis.sk\\\/?s={search_term_string}\"},\"query-input\":{\"@type\":\"PropertyValueSpecification\",\"valueRequired\":true,\"valueName\":\"search_term_string\"}}],\"inLanguage\":\"sk-SK\"},{\"@type\":\"Organization\",\"@id\":\"https:\\\/\\\/www.emproservis.sk\\\/#organization\",\"name\":\"EMPRO SERVIS, s.r.o.\",\"url\":\"https:\\\/\\\/www.emproservis.sk\\\/\",\"logo\":{\"@type\":\"ImageObject\",\"inLanguage\":\"sk-SK\",\"@id\":\"https:\\\/\\\/www.emproservis.sk\\\/#\\\/schema\\\/logo\\\/image\\\/\",\"url\":\"https:\\\/\\\/www.emproservis.sk\\\/wp-content\\\/uploads\\\/2021\\\/05\\\/empro5.png\",\"contentUrl\":\"https:\\\/\\\/www.emproservis.sk\\\/wp-content\\\/uploads\\\/2021\\\/05\\\/empro5.png\",\"width\":1043,\"height\":114,\"caption\":\"EMPRO SERVIS, s.r.o.\"},\"image\":{\"@id\":\"https:\\\/\\\/www.emproservis.sk\\\/#\\\/schema\\\/logo\\\/image\\\/\"}}]}<\/script>\n<!-- \/ Yoast SEO plugin. -->","yoast_head_json":{"title":"EMPRO SERVIS, s.r.o.Pren\u00e1jom vysokozdvi\u017en\u00fdch plo\u0161\u00edn v Bratislave","description":"Pren\u00e1jom vysokozdvi\u017en\u00fdch plo\u0161\u00edn v Bratislave. Na\u0161a firma pon\u00faka realiz\u00e1ciu pr\u00e1c s vysokozdvi\u017enou pracovnou plo\u0161inou v Bratislave a okol\u00ed.","robots":{"index":"index","follow":"follow","max-snippet":"max-snippet:-1","max-image-preview":"max-image-preview:large","max-video-preview":"max-video-preview:-1"},"canonical":"https:\/\/www.emproservis.sk\/?page_id=73","og_locale":"sk_SK","og_type":"article","og_title":"EMPRO SERVIS, s.r.o.Pren\u00e1jom vysokozdvi\u017en\u00fdch plo\u0161\u00edn v Bratislave","og_description":"Pren\u00e1jom vysokozdvi\u017en\u00fdch plo\u0161\u00edn v Bratislave. Na\u0161a firma pon\u00faka realiz\u00e1ciu pr\u00e1c s vysokozdvi\u017enou pracovnou plo\u0161inou v Bratislave a okol\u00ed.","og_url":"https:\/\/www.emproservis.sk\/?page_id=73","og_site_name":"EMPRO SERVIS, s.r.o.","article_modified_time":"2021-05-08T06:42:59+00:00","og_image":[{"url":"https:\/\/www.emproservis.sk\/wp-content\/uploads\/2021\/05\/spec_1-300x297.png","type":"","width":"","height":""}],"twitter_card":"summary_large_image","twitter_misc":{"Predpokladan\u00fd \u010das \u010d\u00edtania":"2 min\u00faty"},"schema":{"@context":"https:\/\/schema.org","@graph":[{"@type":"WebPage","@id":"https:\/\/www.emproservis.sk\/?page_id=73","url":"https:\/\/www.emproservis.sk\/?page_id=73","name":"EMPRO SERVIS, s.r.o.Pren\u00e1jom vysokozdvi\u017en\u00fdch plo\u0161\u00edn v Bratislave","isPartOf":{"@id":"https:\/\/www.emproservis.sk\/#website"},"primaryImageOfPage":{"@id":"https:\/\/www.emproservis.sk\/?page_id=73#primaryimage"},"image":{"@id":"https:\/\/www.emproservis.sk\/?page_id=73#primaryimage"},"thumbnailUrl":"https:\/\/www.emproservis.sk\/wp-content\/uploads\/2021\/05\/spec_1-300x297.png","datePublished":"2021-05-08T06:28:03+00:00","dateModified":"2021-05-08T06:42:59+00:00","description":"Pren\u00e1jom vysokozdvi\u017en\u00fdch plo\u0161\u00edn v Bratislave. Na\u0161a firma pon\u00faka realiz\u00e1ciu pr\u00e1c s vysokozdvi\u017enou pracovnou plo\u0161inou v Bratislave a okol\u00ed.","breadcrumb":{"@id":"https:\/\/www.emproservis.sk\/?page_id=73#breadcrumb"},"inLanguage":"sk-SK","potentialAction":[{"@type":"ReadAction","target":["https:\/\/www.emproservis.sk\/?page_id=73"]}]},{"@type":"ImageObject","inLanguage":"sk-SK","@id":"https:\/\/www.emproservis.sk\/?page_id=73#primaryimage","url":"https:\/\/www.emproservis.sk\/wp-content\/uploads\/2021\/05\/spec_1.png","contentUrl":"https:\/\/www.emproservis.sk\/wp-content\/uploads\/2021\/05\/spec_1.png","width":651,"height":645},{"@type":"BreadcrumbList","@id":"https:\/\/www.emproservis.sk\/?page_id=73#breadcrumb","itemListElement":[{"@type":"ListItem","position":1,"name":"Home","item":"https:\/\/www.emproservis.sk\/"},{"@type":"ListItem","position":2,"name":"\u0160pecifik\u00e1cia"}]},{"@type":"WebSite","@id":"https:\/\/www.emproservis.sk\/#website","url":"https:\/\/www.emproservis.sk\/","name":"EMPRO SERVIS, s.r.o.","description":"Pr\u00e1ce s vysokozdvi\u017enou plo\u0161inou","publisher":{"@id":"https:\/\/www.emproservis.sk\/#organization"},"potentialAction":[{"@type":"SearchAction","target":{"@type":"EntryPoint","urlTemplate":"https:\/\/www.emproservis.sk\/?s={search_term_string}"},"query-input":{"@type":"PropertyValueSpecification","valueRequired":true,"valueName":"search_term_string"}}],"inLanguage":"sk-SK"},{"@type":"Organization","@id":"https:\/\/www.emproservis.sk\/#organization","name":"EMPRO SERVIS, s.r.o.","url":"https:\/\/www.emproservis.sk\/","logo":{"@type":"ImageObject","inLanguage":"sk-SK","@id":"https:\/\/www.emproservis.sk\/#\/schema\/logo\/image\/","url":"https:\/\/www.emproservis.sk\/wp-content\/uploads\/2021\/05\/empro5.png","contentUrl":"https:\/\/www.emproservis.sk\/wp-content\/uploads\/2021\/05\/empro5.png","width":1043,"height":114,"caption":"EMPRO SERVIS, s.r.o."},"image":{"@id":"https:\/\/www.emproservis.sk\/#\/schema\/logo\/image\/"}}]}},"_links":{"self":[{"href":"https:\/\/www.emproservis.sk\/index.php?rest_route=\/wp\/v2\/pages\/73","targetHints":{"allow":["GET"]}}],"collection":[{"href":"https:\/\/www.emproservis.sk\/index.php?rest_route=\/wp\/v2\/pages"}],"about":[{"href":"https:\/\/www.emproservis.sk\/index.php?rest_route=\/wp\/v2\/types\/page"}],"author":[{"embeddable":true,"href":"https:\/\/www.emproservis.sk\/index.php?rest_route=\/wp\/v2\/users\/1"}],"replies":[{"embeddable":true,"href":"https:\/\/www.emproservis.sk\/index.php?rest_route=%2Fwp%2Fv2%2Fcomments&post=73"}],"version-history":[{"count":6,"href":"https:\/\/www.emproservis.sk\/index.php?rest_route=\/wp\/v2\/pages\/73\/revisions"}],"predecessor-version":[{"id":129,"href":"https:\/\/www.emproservis.sk\/index.php?rest_route=\/wp\/v2\/pages\/73\/revisions\/129"}],"wp:attachment":[{"href":"https:\/\/www.emproservis.sk\/index.php?rest_route=%2Fwp%2Fv2%2Fmedia&parent=73"}],"curies":[{"name":"wp","href":"https:\/\/api.w.org\/{rel}","templated":true}]}}