{"id":71,"date":"2021-05-08T08:23:10","date_gmt":"2021-05-08T06:23:10","guid":{"rendered":"https:\/\/www.emproservis.sk\/?page_id=71"},"modified":"2021-05-08T08:23:11","modified_gmt":"2021-05-08T06:23:11","slug":"moznosti-pouzitia","status":"publish","type":"page","link":"https:\/\/www.emproservis.sk\/?page_id=71","title":{"rendered":"Mo\u017enosti pou\u017eitia"},"content":{"rendered":"\n<ul id=\"block-4e4dc5d6-72d0-4e1f-a42e-50eba05e6739\" class=\"has-text-color wp-block-list\" style=\"color:#b4b4b4\"><li>in\u0161tal\u00e1cia fas\u00e1dnych bannerov<\/li><li>olep vysok\u00fdch billboardov<\/li><li>zameriavanie vo v\u00fd\u0161kach (billboardy, fas\u00e1dy,..)<\/li><li>obhliadky vo v\u00fd\u0161kach<\/li><li>mont\u00e1\u017ee \/ demont\u00e1\u017ee sveteln\u00fdch a&nbsp;nesveteln\u00fdch rekl\u00e1m<\/li><li>servis sveteln\u00fdch a&nbsp;nesveteln\u00fdch rekl\u00e1m<\/li><li>servis hromozvodov<\/li><li>opravy \/ v\u00fdmeny \/ prekl\u00e1dky elektrick\u00fdch a&nbsp;in\u00fdch k\u00e1blov\u00fdch vzdu\u0161n\u00fdch veden\u00ed<\/li><li>mont\u00e1\u017ee \/ demont\u00e1\u017ee klimatiz\u00e1ci\u00ed<\/li><li>maliarske \/ natiera\u010dsk\u00e9 pr\u00e1ce vo v\u00fd\u0161kach<\/li><li>\u010distenie a&nbsp;opravy fas\u00e1d, striech, odkvapov\u00fdch \u017e\u013eabov<\/li><li>opravy \/ \u00fadr\u017eba obkladov\u00fdch syst\u00e9mov<\/li><li>opravy \/ v\u00fdmeny balk\u00f3nov\u00fdch z\u00e1bradl\u00ed a&nbsp;parapetov<\/li><li>opravy \/ mont\u00e1\u017e \/ \u010distenie okien a&nbsp;vonkaj\u0161ieho pr\u00edslu\u0161enstva<\/li><li>mont\u00e1\u017e \/ servis osvetlenia, v\u00fdmeny osvet\u013eovac\u00edch zdrojov<\/li><li>servis \/ in\u0161tal\u00e1cia bezpe\u010dnostnej kamerovej techniky<\/li><li>olep \/ odstra\u0148ovanie polepu z presklen\u00fdch fas\u00e1d<\/li><li>mont\u00e1\u017e \/ demont\u00e1\u017e viano\u010dnej v\u00fdzdoby<\/li><li>film\u00e1rske a&nbsp;fotografick\u00e9 pr\u00e1ce, nasvet\u013eovanie<\/li><li>zatep\u013eovanie fas\u00e1d a&nbsp;ich \u010dast\u00ed<\/li><li>orez\u00e1vanie \/ v\u00fdrub stromov<\/li><\/ul>\n","protected":false},"excerpt":{"rendered":"<p>in\u0161tal\u00e1cia fas\u00e1dnych bannerov olep vysok\u00fdch billboardov zameriavanie vo v\u00fd\u0161kach (billboardy, fas\u00e1dy,..) obhliadky vo v\u00fd\u0161kach mont\u00e1\u017ee \/ demont\u00e1\u017ee sveteln\u00fdch a&nbsp;nesveteln\u00fdch rekl\u00e1m servis sveteln\u00fdch a&nbsp;nesveteln\u00fdch rekl\u00e1m servis hromozvodov opravy \/ v\u00fdmeny \/ prekl\u00e1dky elektrick\u00fdch a&nbsp;in\u00fdch k\u00e1blov\u00fdch vzdu\u0161n\u00fdch veden\u00ed mont\u00e1\u017ee \/ demont\u00e1\u017ee klimatiz\u00e1ci\u00ed maliarske \/ natiera\u010dsk\u00e9 pr\u00e1ce vo v\u00fd\u0161kach \u010distenie a&nbsp;opravy fas\u00e1d, striech, [&hellip;]<\/p>\n","protected":false},"author":1,"featured_media":0,"parent":0,"menu_order":0,"comment_status":"closed","ping_status":"closed","template":"","meta":{"_monsterinsights_skip_tracking":false,"_monsterinsights_sitenote_active":false,"_monsterinsights_sitenote_note":"","_monsterinsights_sitenote_category":0,"footnotes":""},"class_list":["post-71","page","type-page","status-publish","hentry"],"yoast_head":"<!-- This site is optimized with the Yoast SEO plugin v27.5 - https:\/\/yoast.com\/product\/yoast-seo-wordpress\/ -->\n<title>EMPRO SERVIS, s.r.o. Pren\u00e1jom vysokozdvi\u017en\u00fdch plo\u0161\u00edn v Bratislave<\/title>\n<meta name=\"description\" content=\"Pren\u00e1jom vysokozdvi\u017en\u00fdch plo\u0161\u00edn v Bratislave. Na\u0161a firma pon\u00faka realiz\u00e1ciu pr\u00e1c s vysokozdvi\u017enou pracovnou plo\u0161inou v Bratislave a okol\u00ed.\" \/>\n<meta name=\"robots\" content=\"index, follow, max-snippet:-1, max-image-preview:large, max-video-preview:-1\" \/>\n<link rel=\"canonical\" href=\"https:\/\/www.emproservis.sk\/?page_id=71\" \/>\n<meta property=\"og:locale\" content=\"sk_SK\" \/>\n<meta property=\"og:type\" content=\"article\" \/>\n<meta property=\"og:title\" content=\"EMPRO SERVIS, s.r.o. Pren\u00e1jom vysokozdvi\u017en\u00fdch plo\u0161\u00edn v Bratislave\" \/>\n<meta property=\"og:description\" content=\"Pren\u00e1jom vysokozdvi\u017en\u00fdch plo\u0161\u00edn v Bratislave. Na\u0161a firma pon\u00faka realiz\u00e1ciu pr\u00e1c s vysokozdvi\u017enou pracovnou plo\u0161inou v Bratislave a okol\u00ed.\" \/>\n<meta property=\"og:url\" content=\"https:\/\/www.emproservis.sk\/?page_id=71\" \/>\n<meta property=\"og:site_name\" content=\"EMPRO SERVIS, s.r.o.\" \/>\n<meta property=\"article:modified_time\" content=\"2021-05-08T06:23:11+00:00\" \/>\n<meta name=\"twitter:card\" content=\"summary_large_image\" \/>\n<meta name=\"twitter:label1\" content=\"Predpokladan\u00fd \u010das \u010d\u00edtania\" \/>\n\t<meta name=\"twitter:data1\" content=\"1 min\u00fata\" \/>\n<script type=\"application\/ld+json\" class=\"yoast-schema-graph\">{\"@context\":\"https:\\\/\\\/schema.org\",\"@graph\":[{\"@type\":\"WebPage\",\"@id\":\"https:\\\/\\\/www.emproservis.sk\\\/?page_id=71\",\"url\":\"https:\\\/\\\/www.emproservis.sk\\\/?page_id=71\",\"name\":\"EMPRO SERVIS, s.r.o. Pren\u00e1jom vysokozdvi\u017en\u00fdch plo\u0161\u00edn v Bratislave\",\"isPartOf\":{\"@id\":\"https:\\\/\\\/www.emproservis.sk\\\/#website\"},\"datePublished\":\"2021-05-08T06:23:10+00:00\",\"dateModified\":\"2021-05-08T06:23:11+00:00\",\"description\":\"Pren\u00e1jom vysokozdvi\u017en\u00fdch plo\u0161\u00edn v Bratislave. Na\u0161a firma pon\u00faka realiz\u00e1ciu pr\u00e1c s vysokozdvi\u017enou pracovnou plo\u0161inou v Bratislave a okol\u00ed.\",\"breadcrumb\":{\"@id\":\"https:\\\/\\\/www.emproservis.sk\\\/?page_id=71#breadcrumb\"},\"inLanguage\":\"sk-SK\",\"potentialAction\":[{\"@type\":\"ReadAction\",\"target\":[\"https:\\\/\\\/www.emproservis.sk\\\/?page_id=71\"]}]},{\"@type\":\"BreadcrumbList\",\"@id\":\"https:\\\/\\\/www.emproservis.sk\\\/?page_id=71#breadcrumb\",\"itemListElement\":[{\"@type\":\"ListItem\",\"position\":1,\"name\":\"Home\",\"item\":\"https:\\\/\\\/www.emproservis.sk\\\/\"},{\"@type\":\"ListItem\",\"position\":2,\"name\":\"Mo\u017enosti pou\u017eitia\"}]},{\"@type\":\"WebSite\",\"@id\":\"https:\\\/\\\/www.emproservis.sk\\\/#website\",\"url\":\"https:\\\/\\\/www.emproservis.sk\\\/\",\"name\":\"EMPRO SERVIS, s.r.o.\",\"description\":\"Pr\u00e1ce s vysokozdvi\u017enou plo\u0161inou\",\"publisher\":{\"@id\":\"https:\\\/\\\/www.emproservis.sk\\\/#organization\"},\"potentialAction\":[{\"@type\":\"SearchAction\",\"target\":{\"@type\":\"EntryPoint\",\"urlTemplate\":\"https:\\\/\\\/www.emproservis.sk\\\/?s={search_term_string}\"},\"query-input\":{\"@type\":\"PropertyValueSpecification\",\"valueRequired\":true,\"valueName\":\"search_term_string\"}}],\"inLanguage\":\"sk-SK\"},{\"@type\":\"Organization\",\"@id\":\"https:\\\/\\\/www.emproservis.sk\\\/#organization\",\"name\":\"EMPRO SERVIS, s.r.o.\",\"url\":\"https:\\\/\\\/www.emproservis.sk\\\/\",\"logo\":{\"@type\":\"ImageObject\",\"inLanguage\":\"sk-SK\",\"@id\":\"https:\\\/\\\/www.emproservis.sk\\\/#\\\/schema\\\/logo\\\/image\\\/\",\"url\":\"https:\\\/\\\/www.emproservis.sk\\\/wp-content\\\/uploads\\\/2021\\\/05\\\/empro5.png\",\"contentUrl\":\"https:\\\/\\\/www.emproservis.sk\\\/wp-content\\\/uploads\\\/2021\\\/05\\\/empro5.png\",\"width\":1043,\"height\":114,\"caption\":\"EMPRO SERVIS, s.r.o.\"},\"image\":{\"@id\":\"https:\\\/\\\/www.emproservis.sk\\\/#\\\/schema\\\/logo\\\/image\\\/\"}}]}<\/script>\n<!-- \/ Yoast SEO plugin. -->","yoast_head_json":{"title":"EMPRO SERVIS, s.r.o. Pren\u00e1jom vysokozdvi\u017en\u00fdch plo\u0161\u00edn v Bratislave","description":"Pren\u00e1jom vysokozdvi\u017en\u00fdch plo\u0161\u00edn v Bratislave. Na\u0161a firma pon\u00faka realiz\u00e1ciu pr\u00e1c s vysokozdvi\u017enou pracovnou plo\u0161inou v Bratislave a okol\u00ed.","robots":{"index":"index","follow":"follow","max-snippet":"max-snippet:-1","max-image-preview":"max-image-preview:large","max-video-preview":"max-video-preview:-1"},"canonical":"https:\/\/www.emproservis.sk\/?page_id=71","og_locale":"sk_SK","og_type":"article","og_title":"EMPRO SERVIS, s.r.o. Pren\u00e1jom vysokozdvi\u017en\u00fdch plo\u0161\u00edn v Bratislave","og_description":"Pren\u00e1jom vysokozdvi\u017en\u00fdch plo\u0161\u00edn v Bratislave. Na\u0161a firma pon\u00faka realiz\u00e1ciu pr\u00e1c s vysokozdvi\u017enou pracovnou plo\u0161inou v Bratislave a okol\u00ed.","og_url":"https:\/\/www.emproservis.sk\/?page_id=71","og_site_name":"EMPRO SERVIS, s.r.o.","article_modified_time":"2021-05-08T06:23:11+00:00","twitter_card":"summary_large_image","twitter_misc":{"Predpokladan\u00fd \u010das \u010d\u00edtania":"1 min\u00fata"},"schema":{"@context":"https:\/\/schema.org","@graph":[{"@type":"WebPage","@id":"https:\/\/www.emproservis.sk\/?page_id=71","url":"https:\/\/www.emproservis.sk\/?page_id=71","name":"EMPRO SERVIS, s.r.o. Pren\u00e1jom vysokozdvi\u017en\u00fdch plo\u0161\u00edn v Bratislave","isPartOf":{"@id":"https:\/\/www.emproservis.sk\/#website"},"datePublished":"2021-05-08T06:23:10+00:00","dateModified":"2021-05-08T06:23:11+00:00","description":"Pren\u00e1jom vysokozdvi\u017en\u00fdch plo\u0161\u00edn v Bratislave. Na\u0161a firma pon\u00faka realiz\u00e1ciu pr\u00e1c s vysokozdvi\u017enou pracovnou plo\u0161inou v Bratislave a okol\u00ed.","breadcrumb":{"@id":"https:\/\/www.emproservis.sk\/?page_id=71#breadcrumb"},"inLanguage":"sk-SK","potentialAction":[{"@type":"ReadAction","target":["https:\/\/www.emproservis.sk\/?page_id=71"]}]},{"@type":"BreadcrumbList","@id":"https:\/\/www.emproservis.sk\/?page_id=71#breadcrumb","itemListElement":[{"@type":"ListItem","position":1,"name":"Home","item":"https:\/\/www.emproservis.sk\/"},{"@type":"ListItem","position":2,"name":"Mo\u017enosti pou\u017eitia"}]},{"@type":"WebSite","@id":"https:\/\/www.emproservis.sk\/#website","url":"https:\/\/www.emproservis.sk\/","name":"EMPRO SERVIS, s.r.o.","description":"Pr\u00e1ce s vysokozdvi\u017enou plo\u0161inou","publisher":{"@id":"https:\/\/www.emproservis.sk\/#organization"},"potentialAction":[{"@type":"SearchAction","target":{"@type":"EntryPoint","urlTemplate":"https:\/\/www.emproservis.sk\/?s={search_term_string}"},"query-input":{"@type":"PropertyValueSpecification","valueRequired":true,"valueName":"search_term_string"}}],"inLanguage":"sk-SK"},{"@type":"Organization","@id":"https:\/\/www.emproservis.sk\/#organization","name":"EMPRO SERVIS, s.r.o.","url":"https:\/\/www.emproservis.sk\/","logo":{"@type":"ImageObject","inLanguage":"sk-SK","@id":"https:\/\/www.emproservis.sk\/#\/schema\/logo\/image\/","url":"https:\/\/www.emproservis.sk\/wp-content\/uploads\/2021\/05\/empro5.png","contentUrl":"https:\/\/www.emproservis.sk\/wp-content\/uploads\/2021\/05\/empro5.png","width":1043,"height":114,"caption":"EMPRO SERVIS, s.r.o."},"image":{"@id":"https:\/\/www.emproservis.sk\/#\/schema\/logo\/image\/"}}]}},"_links":{"self":[{"href":"https:\/\/www.emproservis.sk\/index.php?rest_route=\/wp\/v2\/pages\/71","targetHints":{"allow":["GET"]}}],"collection":[{"href":"https:\/\/www.emproservis.sk\/index.php?rest_route=\/wp\/v2\/pages"}],"about":[{"href":"https:\/\/www.emproservis.sk\/index.php?rest_route=\/wp\/v2\/types\/page"}],"author":[{"embeddable":true,"href":"https:\/\/www.emproservis.sk\/index.php?rest_route=\/wp\/v2\/users\/1"}],"replies":[{"embeddable":true,"href":"https:\/\/www.emproservis.sk\/index.php?rest_route=%2Fwp%2Fv2%2Fcomments&post=71"}],"version-history":[{"count":1,"href":"https:\/\/www.emproservis.sk\/index.php?rest_route=\/wp\/v2\/pages\/71\/revisions"}],"predecessor-version":[{"id":72,"href":"https:\/\/www.emproservis.sk\/index.php?rest_route=\/wp\/v2\/pages\/71\/revisions\/72"}],"wp:attachment":[{"href":"https:\/\/www.emproservis.sk\/index.php?rest_route=%2Fwp%2Fv2%2Fmedia&parent=71"}],"curies":[{"name":"wp","href":"https:\/\/api.w.org\/{rel}","templated":true}]}}