{"id":12,"date":"2021-05-05T20:08:03","date_gmt":"2021-05-05T18:08:03","guid":{"rendered":"https:\/\/www.emproservis.sk\/?page_id=12"},"modified":"2021-05-09T17:18:01","modified_gmt":"2021-05-09T15:18:01","slug":"domov","status":"publish","type":"page","link":"https:\/\/www.emproservis.sk\/","title":{"rendered":"Domov"},"content":{"rendered":"\n<div class=\"wp-block-columns container is-layout-flex wp-container-core-columns-is-layout-28f84493 wp-block-columns-is-layout-flex\">\n<div class=\"wp-block-column is-layout-flow wp-block-column-is-layout-flow\">\n<div class=\"wp-block-image\"><figure class=\"aligncenter size-large is-resized\"><img loading=\"lazy\" decoding=\"async\" src=\"https:\/\/www.emproservis.sk\/wp-content\/uploads\/2021\/05\/wrench-solid-1.png\" alt=\"Nastroj 1\" class=\"wp-image-43\" width=\"50\" height=\"50\"\/><\/figure><\/div>\n\n\n\n<div class=\"wp-block-columns is-layout-flex wp-container-core-columns-is-layout-28f84493 wp-block-columns-is-layout-flex\">\n<div class=\"wp-block-column is-layout-flow wp-block-column-is-layout-flow\">\n<p class=\"has-text-align-center has-text-color\" style=\"color:#b4b4b4\">Na\u0161a firma pon\u00faka realiz\u00e1ciu pr\u00e1c s&nbsp;vysokozdvi\u017enou pracovnou plo\u0161inou v&nbsp;Bratislave a&nbsp;okol\u00ed.<br>Disponujeme troma plo\u0161inami s&nbsp;dosahom 20 m, 23,5 m a&nbsp;28 m.<\/p>\n<\/div>\n<\/div>\n<\/div>\n<\/div>\n\n\n\n<div class=\"wp-block-columns is-layout-flex wp-container-core-columns-is-layout-28f84493 wp-block-columns-is-layout-flex\">\n<div class=\"wp-block-column is-layout-flow wp-block-column-is-layout-flow\">\n<div class=\"wp-block-image\"><figure class=\"aligncenter size-large is-resized\"><img loading=\"lazy\" decoding=\"async\" src=\"https:\/\/www.emproservis.sk\/wp-content\/uploads\/2021\/05\/hammer-solid-1.png\" alt=\"Nastroj 2\" class=\"wp-image-45\" width=\"50\" height=\"50\"\/><\/figure><\/div>\n\n\n\n<div class=\"wp-block-columns is-layout-flex wp-container-core-columns-is-layout-28f84493 wp-block-columns-is-layout-flex\">\n<div class=\"wp-block-column is-layout-flow wp-block-column-is-layout-flow\">\n<p class=\"has-text-align-center has-text-color\" style=\"color:#b4b4b4\">Pon\u00fakan\u00e9 vysokozdvi\u017en\u00e9 plo\u0161iny s\u00fa vhodn\u00e9, napr\u00edklad, na mont\u00e1\u017ee a&nbsp;servis vo v\u00fd\u0161kach,<br>in\u0161tal\u00e1ciu fas\u00e1dnych bannerov, orez\u00e1vanie kon\u00e1rov stromov, lepenie billboardov, bigboardov<br>a&nbsp;megeaboardov, \u010distenie a&nbsp;servis striech, mont\u00e1\u017e klimatiza\u010dn\u00fdch jednotiek a&nbsp;pod.<\/p>\n<\/div>\n<\/div>\n<\/div>\n<\/div>\n\n\n\n<div class=\"wp-block-columns is-layout-flex wp-container-core-columns-is-layout-28f84493 wp-block-columns-is-layout-flex\">\n<div class=\"wp-block-column is-layout-flow wp-block-column-is-layout-flow\">\n<div class=\"wp-block-image\"><figure class=\"aligncenter size-large is-resized\"><img loading=\"lazy\" decoding=\"async\" src=\"https:\/\/www.emproservis.sk\/wp-content\/uploads\/2021\/05\/tools-solid-2.png\" alt=\"Nastroj 3\" class=\"wp-image-46\" width=\"50\" height=\"50\"\/><\/figure><\/div>\n\n\n\n<div class=\"wp-block-columns is-layout-flex wp-container-core-columns-is-layout-28f84493 wp-block-columns-is-layout-flex\">\n<div class=\"wp-block-column front-about-ml-15 is-layout-flow wp-block-column-is-layout-flow\">\n<p class=\"has-text-color\" style=\"color:#b4b4b4\">Prv\u00e1 plo\u0161ina je na podvozku Nissan Cabstar 3,5 t, m\u00e1 v\u00fd\u0161kov\u00fd dosah 20 m, bo\u010dn\u00fd dosah 8,5 m a&nbsp;nosnos\u0165 a\u017e 300 kg v&nbsp;ka\u017edom dosahu. M\u00e1 stranov\u00e9 kotvenie, \u010di\u017ee zvl\u00e1da pr\u00e1cu aj pri jednostrannom zakotven\u00ed v&nbsp;smere za\u0165a\u017eenia, \u010do je ve\u013ekou v\u00fdhodou v&nbsp;stiesnen\u00fdch<br>priestoroch.<\/p>\n<\/div>\n\n\n\n<div class=\"wp-block-column front-about-mt-2 front-about-ml-15 is-layout-flow wp-block-column-is-layout-flow\">\n<p class=\"has-text-color\" style=\"color:#b4b4b4\">Druh\u00e1 plo\u0161ina je taktie\u017e na podvozku Nissan Cabstar 3,5 t, m\u00e1 v\u00fd\u0161kov\u00fd dosah 23,5 m a<br>nosnos\u0165 250 kg. Pri maxim\u00e1lnom bo\u010dnom dosahu 11 m zvl\u00e1dne za\u0165a\u017eenie v&nbsp;ko\u0161i 80 kg.<\/p>\n<\/div>\n\n\n\n<div class=\"wp-block-column front-about-mt-3 front-about-ml-15 is-layout-flow wp-block-column-is-layout-flow\">\n<p class=\"has-text-color\" style=\"color:#b4b4b4\">Tretia plo\u0161ina na podvozku ISUZU <br>6 t m\u00e1 maxim\u00e1lny v\u00fd\u0161kov\u00fd dosah <br>28 m a&nbsp;nosnos\u0165 200 kg.<br>Pri maxim\u00e1lnom bo\u010dnom dosahu <br>14 m zvl\u00e1dne za\u0165a\u017eenie 150 kg. M\u00e1 stranov\u00e9 kotvenie, \u010di\u017ee zvl\u00e1da pr\u00e1cu aj pri jednostrannom zakotven\u00ed v&nbsp;smere za\u0165a\u017eenia, \u010do je ve\u013ekou v\u00fdhodou v&nbsp;stiesnen\u00fdch priestoroch.<\/p>\n<\/div>\n<\/div>\n<\/div>\n<\/div>\n","protected":false},"excerpt":{"rendered":"<p>Na\u0161a firma pon\u00faka realiz\u00e1ciu pr\u00e1c s&nbsp;vysokozdvi\u017enou pracovnou plo\u0161inou v&nbsp;Bratislave a&nbsp;okol\u00ed.Disponujeme troma plo\u0161inami s&nbsp;dosahom 20 m, 23,5 m a&nbsp;28 m. Pon\u00fakan\u00e9 vysokozdvi\u017en\u00e9 plo\u0161iny s\u00fa vhodn\u00e9, napr\u00edklad, na mont\u00e1\u017ee a&nbsp;servis vo v\u00fd\u0161kach,in\u0161tal\u00e1ciu fas\u00e1dnych bannerov, orez\u00e1vanie kon\u00e1rov stromov, lepenie billboardov, bigboardova&nbsp;megeaboardov, \u010distenie a&nbsp;servis striech, mont\u00e1\u017e klimatiza\u010dn\u00fdch jednotiek a&nbsp;pod. Prv\u00e1 plo\u0161ina je na podvozku [&hellip;]<\/p>\n","protected":false},"author":1,"featured_media":0,"parent":0,"menu_order":0,"comment_status":"closed","ping_status":"closed","template":"","meta":{"_monsterinsights_skip_tracking":false,"_monsterinsights_sitenote_active":false,"_monsterinsights_sitenote_note":"","_monsterinsights_sitenote_category":0,"footnotes":""},"class_list":["post-12","page","type-page","status-publish","hentry"],"yoast_head":"<!-- This site is optimized with the Yoast SEO plugin v27.5 - https:\/\/yoast.com\/product\/yoast-seo-wordpress\/ -->\n<title>EMPRO SERVIS, s.r.o. Pren\u00e1jom vysokozdvi\u017en\u00fdch plo\u0161\u00edn v Bratislave<\/title>\n<meta name=\"description\" content=\"Pren\u00e1jom vysokozdvi\u017en\u00fdch plo\u0161\u00edn v Bratislave. Na\u0161a firma pon\u00faka realiz\u00e1ciu pr\u00e1c s vysokozdvi\u017enou pracovnou plo\u0161inou v Bratislave a okol\u00ed.\" \/>\n<meta name=\"robots\" content=\"index, follow, max-snippet:-1, max-image-preview:large, max-video-preview:-1\" \/>\n<link rel=\"canonical\" href=\"https:\/\/www.emproservis.sk\/\" \/>\n<meta property=\"og:locale\" content=\"sk_SK\" \/>\n<meta property=\"og:type\" content=\"article\" \/>\n<meta property=\"og:title\" content=\"Emproservis s.r.o.\" \/>\n<meta property=\"og:description\" content=\"Na\u0161a firma pon\u00faka realiz\u00e1ciu pr\u00e1c s vysokozdvi\u017enou pracovnou plo\u0161inou v Bratislave a okol\u00ed.\" \/>\n<meta property=\"og:url\" content=\"https:\/\/www.emproservis.sk\/\" \/>\n<meta property=\"og:site_name\" content=\"EMPRO SERVIS, s.r.o.\" \/>\n<meta property=\"article:modified_time\" content=\"2021-05-09T15:18:01+00:00\" \/>\n<meta property=\"og:image\" content=\"https:\/\/www.emproservis.sk\/wp-content\/uploads\/2021\/05\/front-page-scaled.jpg\" \/>\n\t<meta property=\"og:image:width\" content=\"2560\" \/>\n\t<meta property=\"og:image:height\" content=\"1920\" \/>\n\t<meta property=\"og:image:type\" content=\"image\/jpeg\" \/>\n<meta name=\"twitter:card\" content=\"summary_large_image\" \/>\n<meta name=\"twitter:title\" content=\"Emproservis s.r.o.\" \/>\n<meta name=\"twitter:description\" content=\"Na\u0161a firma pon\u00faka realiz\u00e1ciu pr\u00e1c s vysokozdvi\u017enou pracovnou plo\u0161inou v Bratislave a okol\u00ed.\" \/>\n<meta name=\"twitter:label1\" content=\"Predpokladan\u00fd \u010das \u010d\u00edtania\" \/>\n\t<meta name=\"twitter:data1\" content=\"2 min\u00faty\" \/>\n<script type=\"application\/ld+json\" class=\"yoast-schema-graph\">{\"@context\":\"https:\\\/\\\/schema.org\",\"@graph\":[{\"@type\":\"WebPage\",\"@id\":\"https:\\\/\\\/www.emproservis.sk\\\/\",\"url\":\"https:\\\/\\\/www.emproservis.sk\\\/\",\"name\":\"EMPRO SERVIS, s.r.o. Pren\u00e1jom vysokozdvi\u017en\u00fdch plo\u0161\u00edn v Bratislave\",\"isPartOf\":{\"@id\":\"https:\\\/\\\/www.emproservis.sk\\\/#website\"},\"primaryImageOfPage\":{\"@id\":\"https:\\\/\\\/www.emproservis.sk\\\/#primaryimage\"},\"image\":{\"@id\":\"https:\\\/\\\/www.emproservis.sk\\\/#primaryimage\"},\"thumbnailUrl\":\"https:\\\/\\\/www.emproservis.sk\\\/wp-content\\\/uploads\\\/2021\\\/05\\\/wrench-solid-1.png\",\"datePublished\":\"2021-05-05T18:08:03+00:00\",\"dateModified\":\"2021-05-09T15:18:01+00:00\",\"description\":\"Pren\u00e1jom vysokozdvi\u017en\u00fdch plo\u0161\u00edn v Bratislave. Na\u0161a firma pon\u00faka realiz\u00e1ciu pr\u00e1c s vysokozdvi\u017enou pracovnou plo\u0161inou v Bratislave a okol\u00ed.\",\"breadcrumb\":{\"@id\":\"https:\\\/\\\/www.emproservis.sk\\\/#breadcrumb\"},\"inLanguage\":\"sk-SK\",\"potentialAction\":[{\"@type\":\"ReadAction\",\"target\":[\"https:\\\/\\\/www.emproservis.sk\\\/\"]}]},{\"@type\":\"ImageObject\",\"inLanguage\":\"sk-SK\",\"@id\":\"https:\\\/\\\/www.emproservis.sk\\\/#primaryimage\",\"url\":\"https:\\\/\\\/www.emproservis.sk\\\/wp-content\\\/uploads\\\/2021\\\/05\\\/wrench-solid-1.png\",\"contentUrl\":\"https:\\\/\\\/www.emproservis.sk\\\/wp-content\\\/uploads\\\/2021\\\/05\\\/wrench-solid-1.png\",\"width\":100,\"height\":100},{\"@type\":\"BreadcrumbList\",\"@id\":\"https:\\\/\\\/www.emproservis.sk\\\/#breadcrumb\",\"itemListElement\":[{\"@type\":\"ListItem\",\"position\":1,\"name\":\"Home\",\"item\":\"https:\\\/\\\/www.emproservis.sk\\\/\"},{\"@type\":\"ListItem\",\"position\":2,\"name\":\"Domov\"}]},{\"@type\":\"WebSite\",\"@id\":\"https:\\\/\\\/www.emproservis.sk\\\/#website\",\"url\":\"https:\\\/\\\/www.emproservis.sk\\\/\",\"name\":\"EMPRO SERVIS, s.r.o.\",\"description\":\"Pr\u00e1ce s vysokozdvi\u017enou plo\u0161inou\",\"publisher\":{\"@id\":\"https:\\\/\\\/www.emproservis.sk\\\/#organization\"},\"potentialAction\":[{\"@type\":\"SearchAction\",\"target\":{\"@type\":\"EntryPoint\",\"urlTemplate\":\"https:\\\/\\\/www.emproservis.sk\\\/?s={search_term_string}\"},\"query-input\":{\"@type\":\"PropertyValueSpecification\",\"valueRequired\":true,\"valueName\":\"search_term_string\"}}],\"inLanguage\":\"sk-SK\"},{\"@type\":\"Organization\",\"@id\":\"https:\\\/\\\/www.emproservis.sk\\\/#organization\",\"name\":\"EMPRO SERVIS, s.r.o.\",\"url\":\"https:\\\/\\\/www.emproservis.sk\\\/\",\"logo\":{\"@type\":\"ImageObject\",\"inLanguage\":\"sk-SK\",\"@id\":\"https:\\\/\\\/www.emproservis.sk\\\/#\\\/schema\\\/logo\\\/image\\\/\",\"url\":\"https:\\\/\\\/www.emproservis.sk\\\/wp-content\\\/uploads\\\/2021\\\/05\\\/empro5.png\",\"contentUrl\":\"https:\\\/\\\/www.emproservis.sk\\\/wp-content\\\/uploads\\\/2021\\\/05\\\/empro5.png\",\"width\":1043,\"height\":114,\"caption\":\"EMPRO SERVIS, s.r.o.\"},\"image\":{\"@id\":\"https:\\\/\\\/www.emproservis.sk\\\/#\\\/schema\\\/logo\\\/image\\\/\"}}]}<\/script>\n<!-- \/ Yoast SEO plugin. -->","yoast_head_json":{"title":"EMPRO SERVIS, s.r.o. Pren\u00e1jom vysokozdvi\u017en\u00fdch plo\u0161\u00edn v Bratislave","description":"Pren\u00e1jom vysokozdvi\u017en\u00fdch plo\u0161\u00edn v Bratislave. Na\u0161a firma pon\u00faka realiz\u00e1ciu pr\u00e1c s vysokozdvi\u017enou pracovnou plo\u0161inou v Bratislave a okol\u00ed.","robots":{"index":"index","follow":"follow","max-snippet":"max-snippet:-1","max-image-preview":"max-image-preview:large","max-video-preview":"max-video-preview:-1"},"canonical":"https:\/\/www.emproservis.sk\/","og_locale":"sk_SK","og_type":"article","og_title":"Emproservis s.r.o.","og_description":"Na\u0161a firma pon\u00faka realiz\u00e1ciu pr\u00e1c s vysokozdvi\u017enou pracovnou plo\u0161inou v Bratislave a okol\u00ed.","og_url":"https:\/\/www.emproservis.sk\/","og_site_name":"EMPRO SERVIS, s.r.o.","article_modified_time":"2021-05-09T15:18:01+00:00","og_image":[{"width":2560,"height":1920,"url":"https:\/\/www.emproservis.sk\/wp-content\/uploads\/2021\/05\/front-page-scaled.jpg","type":"image\/jpeg"}],"twitter_card":"summary_large_image","twitter_title":"Emproservis s.r.o.","twitter_description":"Na\u0161a firma pon\u00faka realiz\u00e1ciu pr\u00e1c s vysokozdvi\u017enou pracovnou plo\u0161inou v Bratislave a okol\u00ed.","twitter_misc":{"Predpokladan\u00fd \u010das \u010d\u00edtania":"2 min\u00faty"},"schema":{"@context":"https:\/\/schema.org","@graph":[{"@type":"WebPage","@id":"https:\/\/www.emproservis.sk\/","url":"https:\/\/www.emproservis.sk\/","name":"EMPRO SERVIS, s.r.o. Pren\u00e1jom vysokozdvi\u017en\u00fdch plo\u0161\u00edn v Bratislave","isPartOf":{"@id":"https:\/\/www.emproservis.sk\/#website"},"primaryImageOfPage":{"@id":"https:\/\/www.emproservis.sk\/#primaryimage"},"image":{"@id":"https:\/\/www.emproservis.sk\/#primaryimage"},"thumbnailUrl":"https:\/\/www.emproservis.sk\/wp-content\/uploads\/2021\/05\/wrench-solid-1.png","datePublished":"2021-05-05T18:08:03+00:00","dateModified":"2021-05-09T15:18:01+00:00","description":"Pren\u00e1jom vysokozdvi\u017en\u00fdch plo\u0161\u00edn v Bratislave. Na\u0161a firma pon\u00faka realiz\u00e1ciu pr\u00e1c s vysokozdvi\u017enou pracovnou plo\u0161inou v Bratislave a okol\u00ed.","breadcrumb":{"@id":"https:\/\/www.emproservis.sk\/#breadcrumb"},"inLanguage":"sk-SK","potentialAction":[{"@type":"ReadAction","target":["https:\/\/www.emproservis.sk\/"]}]},{"@type":"ImageObject","inLanguage":"sk-SK","@id":"https:\/\/www.emproservis.sk\/#primaryimage","url":"https:\/\/www.emproservis.sk\/wp-content\/uploads\/2021\/05\/wrench-solid-1.png","contentUrl":"https:\/\/www.emproservis.sk\/wp-content\/uploads\/2021\/05\/wrench-solid-1.png","width":100,"height":100},{"@type":"BreadcrumbList","@id":"https:\/\/www.emproservis.sk\/#breadcrumb","itemListElement":[{"@type":"ListItem","position":1,"name":"Home","item":"https:\/\/www.emproservis.sk\/"},{"@type":"ListItem","position":2,"name":"Domov"}]},{"@type":"WebSite","@id":"https:\/\/www.emproservis.sk\/#website","url":"https:\/\/www.emproservis.sk\/","name":"EMPRO SERVIS, s.r.o.","description":"Pr\u00e1ce s vysokozdvi\u017enou plo\u0161inou","publisher":{"@id":"https:\/\/www.emproservis.sk\/#organization"},"potentialAction":[{"@type":"SearchAction","target":{"@type":"EntryPoint","urlTemplate":"https:\/\/www.emproservis.sk\/?s={search_term_string}"},"query-input":{"@type":"PropertyValueSpecification","valueRequired":true,"valueName":"search_term_string"}}],"inLanguage":"sk-SK"},{"@type":"Organization","@id":"https:\/\/www.emproservis.sk\/#organization","name":"EMPRO SERVIS, s.r.o.","url":"https:\/\/www.emproservis.sk\/","logo":{"@type":"ImageObject","inLanguage":"sk-SK","@id":"https:\/\/www.emproservis.sk\/#\/schema\/logo\/image\/","url":"https:\/\/www.emproservis.sk\/wp-content\/uploads\/2021\/05\/empro5.png","contentUrl":"https:\/\/www.emproservis.sk\/wp-content\/uploads\/2021\/05\/empro5.png","width":1043,"height":114,"caption":"EMPRO SERVIS, s.r.o."},"image":{"@id":"https:\/\/www.emproservis.sk\/#\/schema\/logo\/image\/"}}]}},"_links":{"self":[{"href":"https:\/\/www.emproservis.sk\/index.php?rest_route=\/wp\/v2\/pages\/12","targetHints":{"allow":["GET"]}}],"collection":[{"href":"https:\/\/www.emproservis.sk\/index.php?rest_route=\/wp\/v2\/pages"}],"about":[{"href":"https:\/\/www.emproservis.sk\/index.php?rest_route=\/wp\/v2\/types\/page"}],"author":[{"embeddable":true,"href":"https:\/\/www.emproservis.sk\/index.php?rest_route=\/wp\/v2\/users\/1"}],"replies":[{"embeddable":true,"href":"https:\/\/www.emproservis.sk\/index.php?rest_route=%2Fwp%2Fv2%2Fcomments&post=12"}],"version-history":[{"count":6,"href":"https:\/\/www.emproservis.sk\/index.php?rest_route=\/wp\/v2\/pages\/12\/revisions"}],"predecessor-version":[{"id":134,"href":"https:\/\/www.emproservis.sk\/index.php?rest_route=\/wp\/v2\/pages\/12\/revisions\/134"}],"wp:attachment":[{"href":"https:\/\/www.emproservis.sk\/index.php?rest_route=%2Fwp%2Fv2%2Fmedia&parent=12"}],"curies":[{"name":"wp","href":"https:\/\/api.w.org\/{rel}","templated":true}]}}